{"id":2297,"date":"2026-01-08T11:56:17","date_gmt":"2026-01-08T11:56:17","guid":{"rendered":"https:\/\/adultseohub.com\/listing\/photoacompanhantes\/"},"modified":"2026-01-09T12:50:23","modified_gmt":"2026-01-09T12:50:23","slug":"photoacompanhantes","status":"publish","type":"page","link":"https:\/\/adultseohub.com\/listing\/photoacompanhantes\/","title":{"rendered":"PhotoAcompanhantes"},"content":{"rendered":"<p>PhotoAcompanhantes serves as a Portuguese-language directory for escorts and garotas de programa across Brazil, listing over 10,500 verified profiles nationwide. Prostitution itself remains legal for adults 18+ in Brazil, though operating brothels or pimping violates laws\u2014sites like this function as classified ad platforms without direct involvement in transactions. Listings stress independent workers assuming full responsibility, with age affirmations to comply with local regulations.<\/p>\n","protected":false},"excerpt":{"rendered":"<p>PhotoAcompanhantes serves as a Portuguese-language directory for escorts and garotas de programa across Brazil, listing over 10,500 verified profiles nationwide. Prostitution itself remains legal for adults 18+ in Brazil, though operating brothels or pimping violates laws\u2014sites like this function as classified ad platforms without direct involvement in transactions. Listings stress independent workers assuming full responsibility,&hellip; <a class=\"more-link\" href=\"https:\/\/adultseohub.com\/listing\/photoacompanhantes\/\">Continue reading <span class=\"screen-reader-text\">PhotoAcompanhantes<\/span><\/a><\/p>\n","protected":false},"author":2,"featured_media":2377,"parent":0,"menu_order":0,"comment_status":"closed","ping_status":"closed","template":"inner-pages.php","meta":{"footnotes":""},"class_list":["post-2297","page","type-page","status-publish","has-post-thumbnail","hentry","entry"],"yoast_head":"<!-- This site is optimized with the Yoast SEO plugin v27.4 - https:\/\/yoast.com\/product\/yoast-seo-wordpress\/ -->\n<title>PhotoAcompanhantes | Escoltas Verificadas Brasil<\/title>\n<meta name=\"description\" content=\"PhotoAcompanhantes lista acompanhantes independentes verificadas em todo Brasil. +10k perfis\u2014prostitui\u00e7\u00e3o legal para adultos, sem bord\u00e9is ou cafetinas.\" \/>\n<meta name=\"robots\" content=\"index, follow, max-snippet:-1, max-image-preview:large, max-video-preview:-1\" \/>\n<link rel=\"canonical\" href=\"https:\/\/adultseohub.com\/listing\/photoacompanhantes\/\" \/>\n<meta property=\"og:locale\" content=\"en_US\" \/>\n<meta property=\"og:type\" content=\"article\" \/>\n<meta property=\"og:title\" content=\"PhotoAcompanhantes | Escoltas Verificadas Brasil\" \/>\n<meta property=\"og:description\" content=\"PhotoAcompanhantes lista acompanhantes independentes verificadas em todo Brasil. +10k perfis\u2014prostitui\u00e7\u00e3o legal para adultos, sem bord\u00e9is ou cafetinas.\" \/>\n<meta property=\"og:url\" content=\"https:\/\/adultseohub.com\/listing\/photoacompanhantes\/\" \/>\n<meta property=\"og:site_name\" content=\"Listing\" \/>\n<meta property=\"article:modified_time\" content=\"2026-01-09T12:50:23+00:00\" \/>\n<meta property=\"og:image\" content=\"https:\/\/adultseohub.com\/listing\/wp-content\/uploads\/2026\/01\/PhotoAcompanhantes.webp\" \/>\n\t<meta property=\"og:image:width\" content=\"1352\" \/>\n\t<meta property=\"og:image:height\" content=\"608\" \/>\n\t<meta property=\"og:image:type\" content=\"image\/webp\" \/>\n<meta name=\"twitter:card\" content=\"summary_large_image\" \/>\n<meta name=\"twitter:label1\" content=\"Est. reading time\" \/>\n\t<meta name=\"twitter:data1\" content=\"1 minute\" \/>\n<script type=\"application\/ld+json\" class=\"yoast-schema-graph\">{\"@context\":\"https:\\\/\\\/schema.org\",\"@graph\":[{\"@type\":\"WebPage\",\"@id\":\"https:\\\/\\\/adultseohub.com\\\/listing\\\/photoacompanhantes\\\/\",\"url\":\"https:\\\/\\\/adultseohub.com\\\/listing\\\/photoacompanhantes\\\/\",\"name\":\"PhotoAcompanhantes | Escoltas Verificadas Brasil\",\"isPartOf\":{\"@id\":\"https:\\\/\\\/adultseohub.com\\\/listing\\\/#website\"},\"primaryImageOfPage\":{\"@id\":\"https:\\\/\\\/adultseohub.com\\\/listing\\\/photoacompanhantes\\\/#primaryimage\"},\"image\":{\"@id\":\"https:\\\/\\\/adultseohub.com\\\/listing\\\/photoacompanhantes\\\/#primaryimage\"},\"thumbnailUrl\":\"https:\\\/\\\/adultseohub.com\\\/listing\\\/wp-content\\\/uploads\\\/2026\\\/01\\\/PhotoAcompanhantes.webp\",\"datePublished\":\"2026-01-08T11:56:17+00:00\",\"dateModified\":\"2026-01-09T12:50:23+00:00\",\"description\":\"PhotoAcompanhantes lista acompanhantes independentes verificadas em todo Brasil. +10k perfis\u2014prostitui\u00e7\u00e3o legal para adultos, sem bord\u00e9is ou cafetinas.\",\"breadcrumb\":{\"@id\":\"https:\\\/\\\/adultseohub.com\\\/listing\\\/photoacompanhantes\\\/#breadcrumb\"},\"inLanguage\":\"en-US\",\"potentialAction\":[{\"@type\":\"ReadAction\",\"target\":[\"https:\\\/\\\/adultseohub.com\\\/listing\\\/photoacompanhantes\\\/\"]}]},{\"@type\":\"ImageObject\",\"inLanguage\":\"en-US\",\"@id\":\"https:\\\/\\\/adultseohub.com\\\/listing\\\/photoacompanhantes\\\/#primaryimage\",\"url\":\"https:\\\/\\\/adultseohub.com\\\/listing\\\/wp-content\\\/uploads\\\/2026\\\/01\\\/PhotoAcompanhantes.webp\",\"contentUrl\":\"https:\\\/\\\/adultseohub.com\\\/listing\\\/wp-content\\\/uploads\\\/2026\\\/01\\\/PhotoAcompanhantes.webp\",\"width\":1352,\"height\":608},{\"@type\":\"BreadcrumbList\",\"@id\":\"https:\\\/\\\/adultseohub.com\\\/listing\\\/photoacompanhantes\\\/#breadcrumb\",\"itemListElement\":[{\"@type\":\"ListItem\",\"position\":1,\"name\":\"Home\",\"item\":\"https:\\\/\\\/adultseohub.com\\\/listing\\\/\"},{\"@type\":\"ListItem\",\"position\":2,\"name\":\"PhotoAcompanhantes\"}]},{\"@type\":\"WebSite\",\"@id\":\"https:\\\/\\\/adultseohub.com\\\/listing\\\/#website\",\"url\":\"https:\\\/\\\/adultseohub.com\\\/listing\\\/\",\"name\":\"Listing\",\"description\":\"\",\"potentialAction\":[{\"@type\":\"SearchAction\",\"target\":{\"@type\":\"EntryPoint\",\"urlTemplate\":\"https:\\\/\\\/adultseohub.com\\\/listing\\\/?s={search_term_string}\"},\"query-input\":{\"@type\":\"PropertyValueSpecification\",\"valueRequired\":true,\"valueName\":\"search_term_string\"}}],\"inLanguage\":\"en-US\"}]}<\/script>\n<!-- \/ Yoast SEO plugin. -->","yoast_head_json":{"title":"PhotoAcompanhantes | Escoltas Verificadas Brasil","description":"PhotoAcompanhantes lista acompanhantes independentes verificadas em todo Brasil. +10k perfis\u2014prostitui\u00e7\u00e3o legal para adultos, sem bord\u00e9is ou cafetinas.","robots":{"index":"index","follow":"follow","max-snippet":"max-snippet:-1","max-image-preview":"max-image-preview:large","max-video-preview":"max-video-preview:-1"},"canonical":"https:\/\/adultseohub.com\/listing\/photoacompanhantes\/","og_locale":"en_US","og_type":"article","og_title":"PhotoAcompanhantes | Escoltas Verificadas Brasil","og_description":"PhotoAcompanhantes lista acompanhantes independentes verificadas em todo Brasil. +10k perfis\u2014prostitui\u00e7\u00e3o legal para adultos, sem bord\u00e9is ou cafetinas.","og_url":"https:\/\/adultseohub.com\/listing\/photoacompanhantes\/","og_site_name":"Listing","article_modified_time":"2026-01-09T12:50:23+00:00","og_image":[{"width":1352,"height":608,"url":"https:\/\/adultseohub.com\/listing\/wp-content\/uploads\/2026\/01\/PhotoAcompanhantes.webp","type":"image\/webp"}],"twitter_card":"summary_large_image","twitter_misc":{"Est. reading time":"1 minute"},"schema":{"@context":"https:\/\/schema.org","@graph":[{"@type":"WebPage","@id":"https:\/\/adultseohub.com\/listing\/photoacompanhantes\/","url":"https:\/\/adultseohub.com\/listing\/photoacompanhantes\/","name":"PhotoAcompanhantes | Escoltas Verificadas Brasil","isPartOf":{"@id":"https:\/\/adultseohub.com\/listing\/#website"},"primaryImageOfPage":{"@id":"https:\/\/adultseohub.com\/listing\/photoacompanhantes\/#primaryimage"},"image":{"@id":"https:\/\/adultseohub.com\/listing\/photoacompanhantes\/#primaryimage"},"thumbnailUrl":"https:\/\/adultseohub.com\/listing\/wp-content\/uploads\/2026\/01\/PhotoAcompanhantes.webp","datePublished":"2026-01-08T11:56:17+00:00","dateModified":"2026-01-09T12:50:23+00:00","description":"PhotoAcompanhantes lista acompanhantes independentes verificadas em todo Brasil. +10k perfis\u2014prostitui\u00e7\u00e3o legal para adultos, sem bord\u00e9is ou cafetinas.","breadcrumb":{"@id":"https:\/\/adultseohub.com\/listing\/photoacompanhantes\/#breadcrumb"},"inLanguage":"en-US","potentialAction":[{"@type":"ReadAction","target":["https:\/\/adultseohub.com\/listing\/photoacompanhantes\/"]}]},{"@type":"ImageObject","inLanguage":"en-US","@id":"https:\/\/adultseohub.com\/listing\/photoacompanhantes\/#primaryimage","url":"https:\/\/adultseohub.com\/listing\/wp-content\/uploads\/2026\/01\/PhotoAcompanhantes.webp","contentUrl":"https:\/\/adultseohub.com\/listing\/wp-content\/uploads\/2026\/01\/PhotoAcompanhantes.webp","width":1352,"height":608},{"@type":"BreadcrumbList","@id":"https:\/\/adultseohub.com\/listing\/photoacompanhantes\/#breadcrumb","itemListElement":[{"@type":"ListItem","position":1,"name":"Home","item":"https:\/\/adultseohub.com\/listing\/"},{"@type":"ListItem","position":2,"name":"PhotoAcompanhantes"}]},{"@type":"WebSite","@id":"https:\/\/adultseohub.com\/listing\/#website","url":"https:\/\/adultseohub.com\/listing\/","name":"Listing","description":"","potentialAction":[{"@type":"SearchAction","target":{"@type":"EntryPoint","urlTemplate":"https:\/\/adultseohub.com\/listing\/?s={search_term_string}"},"query-input":{"@type":"PropertyValueSpecification","valueRequired":true,"valueName":"search_term_string"}}],"inLanguage":"en-US"}]}},"_links":{"self":[{"href":"https:\/\/adultseohub.com\/listing\/wp-json\/wp\/v2\/pages\/2297","targetHints":{"allow":["GET"]}}],"collection":[{"href":"https:\/\/adultseohub.com\/listing\/wp-json\/wp\/v2\/pages"}],"about":[{"href":"https:\/\/adultseohub.com\/listing\/wp-json\/wp\/v2\/types\/page"}],"author":[{"embeddable":true,"href":"https:\/\/adultseohub.com\/listing\/wp-json\/wp\/v2\/users\/2"}],"replies":[{"embeddable":true,"href":"https:\/\/adultseohub.com\/listing\/wp-json\/wp\/v2\/comments?post=2297"}],"version-history":[{"count":2,"href":"https:\/\/adultseohub.com\/listing\/wp-json\/wp\/v2\/pages\/2297\/revisions"}],"predecessor-version":[{"id":2378,"href":"https:\/\/adultseohub.com\/listing\/wp-json\/wp\/v2\/pages\/2297\/revisions\/2378"}],"wp:featuredmedia":[{"embeddable":true,"href":"https:\/\/adultseohub.com\/listing\/wp-json\/wp\/v2\/media\/2377"}],"wp:attachment":[{"href":"https:\/\/adultseohub.com\/listing\/wp-json\/wp\/v2\/media?parent=2297"}],"curies":[{"name":"wp","href":"https:\/\/api.w.org\/{rel}","templated":true}]}}