{"id":2913,"date":"2026-01-30T05:41:51","date_gmt":"2026-01-30T05:41:51","guid":{"rendered":"https:\/\/adultseohub.com\/listing\/mr-video-porno-gratis\/"},"modified":"2026-01-30T05:41:51","modified_gmt":"2026-01-30T05:41:51","slug":"mr-video-porno-gratis","status":"publish","type":"page","link":"https:\/\/adultseohub.com\/listing\/mr-video-porno-gratis\/","title":{"rendered":"Mr. Video Porno Gratis"},"content":{"rendered":"<p>Categor\u00edas tenemos de sobra, pues hay todo o pr\u00e1cticamente todo: videos porno gay, videos con mujeres maduras, v\u00eddeos amateur, sexo anal, videos xxx gratis y mucho m\u00e1s! S\u00ed solo con decir los nombres de las categor\u00edas ya se os pone dura, imaginaros cuando ve\u00e1is los videos. Seguro que alguna vez has fantaseado con follarte a la vecina o a la madre de un colega de la universidad, pues aqu\u00ed conseguir\u00e1s ese tipo de videos que saciar\u00e1n tu curiosidad sexual y adem\u00e1s te excitaran a m\u00e1s no poder. Nuestros videos x son ideales para ver solo o con tu pareja, ya que siempre se pueden sacar nuevas ideas o ponerse un poco a tono por lo que tiene que venir despu\u00e9s.<\/p>\n","protected":false},"excerpt":{"rendered":"<p>Categor\u00edas tenemos de sobra, pues hay todo o pr\u00e1cticamente todo: videos porno gay, videos con mujeres maduras, v\u00eddeos amateur, sexo anal, videos xxx gratis y mucho m\u00e1s! S\u00ed solo con decir los nombres de las categor\u00edas ya se os pone dura, imaginaros cuando ve\u00e1is los videos. Seguro que alguna vez has fantaseado con follarte a&hellip; <a class=\"more-link\" href=\"https:\/\/adultseohub.com\/listing\/mr-video-porno-gratis\/\">Continue reading <span class=\"screen-reader-text\">Mr. Video Porno Gratis<\/span><\/a><\/p>\n","protected":false},"author":2,"featured_media":0,"parent":0,"menu_order":0,"comment_status":"closed","ping_status":"closed","template":"inner-pages.php","meta":{"footnotes":""},"class_list":["post-2913","page","type-page","status-publish","hentry","entry"],"yoast_head":"<!-- This site is optimized with the Yoast SEO plugin v27.4 - https:\/\/yoast.com\/product\/yoast-seo-wordpress\/ -->\n<title>Mr. Video Porno Gratis - Listing<\/title>\n<meta name=\"robots\" content=\"index, follow, max-snippet:-1, max-image-preview:large, max-video-preview:-1\" \/>\n<link rel=\"canonical\" href=\"https:\/\/adultseohub.com\/listing\/mr-video-porno-gratis\/\" \/>\n<meta property=\"og:locale\" content=\"en_US\" \/>\n<meta property=\"og:type\" content=\"article\" \/>\n<meta property=\"og:title\" content=\"Mr. Video Porno Gratis - Listing\" \/>\n<meta property=\"og:description\" content=\"Categor\u00edas tenemos de sobra, pues hay todo o pr\u00e1cticamente todo: videos porno gay, videos con mujeres maduras, v\u00eddeos amateur, sexo anal, videos xxx gratis y mucho m\u00e1s! S\u00ed solo con decir los nombres de las categor\u00edas ya se os pone dura, imaginaros cuando ve\u00e1is los videos. Seguro que alguna vez has fantaseado con follarte a&hellip; Continue reading Mr. Video Porno Gratis\" \/>\n<meta property=\"og:url\" content=\"https:\/\/adultseohub.com\/listing\/mr-video-porno-gratis\/\" \/>\n<meta property=\"og:site_name\" content=\"Listing\" \/>\n<meta name=\"twitter:card\" content=\"summary_large_image\" \/>\n<meta name=\"twitter:label1\" content=\"Est. reading time\" \/>\n\t<meta name=\"twitter:data1\" content=\"1 minute\" \/>\n<script type=\"application\/ld+json\" class=\"yoast-schema-graph\">{\"@context\":\"https:\\\/\\\/schema.org\",\"@graph\":[{\"@type\":\"WebPage\",\"@id\":\"https:\\\/\\\/adultseohub.com\\\/listing\\\/mr-video-porno-gratis\\\/\",\"url\":\"https:\\\/\\\/adultseohub.com\\\/listing\\\/mr-video-porno-gratis\\\/\",\"name\":\"Mr. Video Porno Gratis - Listing\",\"isPartOf\":{\"@id\":\"https:\\\/\\\/adultseohub.com\\\/listing\\\/#website\"},\"datePublished\":\"2026-01-30T05:41:51+00:00\",\"breadcrumb\":{\"@id\":\"https:\\\/\\\/adultseohub.com\\\/listing\\\/mr-video-porno-gratis\\\/#breadcrumb\"},\"inLanguage\":\"en-US\",\"potentialAction\":[{\"@type\":\"ReadAction\",\"target\":[\"https:\\\/\\\/adultseohub.com\\\/listing\\\/mr-video-porno-gratis\\\/\"]}]},{\"@type\":\"BreadcrumbList\",\"@id\":\"https:\\\/\\\/adultseohub.com\\\/listing\\\/mr-video-porno-gratis\\\/#breadcrumb\",\"itemListElement\":[{\"@type\":\"ListItem\",\"position\":1,\"name\":\"Home\",\"item\":\"https:\\\/\\\/adultseohub.com\\\/listing\\\/\"},{\"@type\":\"ListItem\",\"position\":2,\"name\":\"Mr. Video Porno Gratis\"}]},{\"@type\":\"WebSite\",\"@id\":\"https:\\\/\\\/adultseohub.com\\\/listing\\\/#website\",\"url\":\"https:\\\/\\\/adultseohub.com\\\/listing\\\/\",\"name\":\"Listing\",\"description\":\"\",\"potentialAction\":[{\"@type\":\"SearchAction\",\"target\":{\"@type\":\"EntryPoint\",\"urlTemplate\":\"https:\\\/\\\/adultseohub.com\\\/listing\\\/?s={search_term_string}\"},\"query-input\":{\"@type\":\"PropertyValueSpecification\",\"valueRequired\":true,\"valueName\":\"search_term_string\"}}],\"inLanguage\":\"en-US\"}]}<\/script>\n<!-- \/ Yoast SEO plugin. -->","yoast_head_json":{"title":"Mr. Video Porno Gratis - Listing","robots":{"index":"index","follow":"follow","max-snippet":"max-snippet:-1","max-image-preview":"max-image-preview:large","max-video-preview":"max-video-preview:-1"},"canonical":"https:\/\/adultseohub.com\/listing\/mr-video-porno-gratis\/","og_locale":"en_US","og_type":"article","og_title":"Mr. Video Porno Gratis - Listing","og_description":"Categor\u00edas tenemos de sobra, pues hay todo o pr\u00e1cticamente todo: videos porno gay, videos con mujeres maduras, v\u00eddeos amateur, sexo anal, videos xxx gratis y mucho m\u00e1s! S\u00ed solo con decir los nombres de las categor\u00edas ya se os pone dura, imaginaros cuando ve\u00e1is los videos. Seguro que alguna vez has fantaseado con follarte a&hellip; Continue reading Mr. Video Porno Gratis","og_url":"https:\/\/adultseohub.com\/listing\/mr-video-porno-gratis\/","og_site_name":"Listing","twitter_card":"summary_large_image","twitter_misc":{"Est. reading time":"1 minute"},"schema":{"@context":"https:\/\/schema.org","@graph":[{"@type":"WebPage","@id":"https:\/\/adultseohub.com\/listing\/mr-video-porno-gratis\/","url":"https:\/\/adultseohub.com\/listing\/mr-video-porno-gratis\/","name":"Mr. Video Porno Gratis - Listing","isPartOf":{"@id":"https:\/\/adultseohub.com\/listing\/#website"},"datePublished":"2026-01-30T05:41:51+00:00","breadcrumb":{"@id":"https:\/\/adultseohub.com\/listing\/mr-video-porno-gratis\/#breadcrumb"},"inLanguage":"en-US","potentialAction":[{"@type":"ReadAction","target":["https:\/\/adultseohub.com\/listing\/mr-video-porno-gratis\/"]}]},{"@type":"BreadcrumbList","@id":"https:\/\/adultseohub.com\/listing\/mr-video-porno-gratis\/#breadcrumb","itemListElement":[{"@type":"ListItem","position":1,"name":"Home","item":"https:\/\/adultseohub.com\/listing\/"},{"@type":"ListItem","position":2,"name":"Mr. Video Porno Gratis"}]},{"@type":"WebSite","@id":"https:\/\/adultseohub.com\/listing\/#website","url":"https:\/\/adultseohub.com\/listing\/","name":"Listing","description":"","potentialAction":[{"@type":"SearchAction","target":{"@type":"EntryPoint","urlTemplate":"https:\/\/adultseohub.com\/listing\/?s={search_term_string}"},"query-input":{"@type":"PropertyValueSpecification","valueRequired":true,"valueName":"search_term_string"}}],"inLanguage":"en-US"}]}},"_links":{"self":[{"href":"https:\/\/adultseohub.com\/listing\/wp-json\/wp\/v2\/pages\/2913","targetHints":{"allow":["GET"]}}],"collection":[{"href":"https:\/\/adultseohub.com\/listing\/wp-json\/wp\/v2\/pages"}],"about":[{"href":"https:\/\/adultseohub.com\/listing\/wp-json\/wp\/v2\/types\/page"}],"author":[{"embeddable":true,"href":"https:\/\/adultseohub.com\/listing\/wp-json\/wp\/v2\/users\/2"}],"replies":[{"embeddable":true,"href":"https:\/\/adultseohub.com\/listing\/wp-json\/wp\/v2\/comments?post=2913"}],"version-history":[{"count":0,"href":"https:\/\/adultseohub.com\/listing\/wp-json\/wp\/v2\/pages\/2913\/revisions"}],"wp:attachment":[{"href":"https:\/\/adultseohub.com\/listing\/wp-json\/wp\/v2\/media?parent=2913"}],"curies":[{"name":"wp","href":"https:\/\/api.w.org\/{rel}","templated":true}]}}