{"id":4298,"date":"2026-04-17T06:03:35","date_gmt":"2026-04-17T06:03:35","guid":{"rendered":"https:\/\/adultseohub.com\/listing\/xpaja\/"},"modified":"2026-04-17T06:03:35","modified_gmt":"2026-04-17T06:03:35","slug":"xpaja","status":"publish","type":"page","link":"https:\/\/adultseohub.com\/listing\/xpaja\/","title":{"rendered":"Xpaja"},"content":{"rendered":"<p>Colocamos nuevos v\u00eddeos porno cada d\u00eda, todo el porno Amateur y HD est\u00e1 aqu\u00ed, Tenemos una gran colecci\u00f3n de Categor\u00edas Porno Casero y V\u00eddeos Exclusivos totalmente gratis que puedes descargar o ver en l\u00ednea sin l\u00edmite.  Xpaja es el sitio de v\u00eddeos porno amateur con actualizaci\u00f3n constante de contenido XXX al d\u00eda. Ofrecemos videos porno, y \u00e1lbumes de Fotos XXX, nos esforzamos para darte la mejor del mundo porno.<\/p>\n","protected":false},"excerpt":{"rendered":"<p>Colocamos nuevos v\u00eddeos porno cada d\u00eda, todo el porno Amateur y HD est\u00e1 aqu\u00ed, Tenemos una gran colecci\u00f3n de Categor\u00edas Porno Casero y V\u00eddeos Exclusivos totalmente gratis que puedes descargar o ver en l\u00ednea sin l\u00edmite. Xpaja es el sitio de v\u00eddeos porno amateur con actualizaci\u00f3n constante de contenido XXX al d\u00eda. Ofrecemos videos porno,&hellip; <a class=\"more-link\" href=\"https:\/\/adultseohub.com\/listing\/xpaja\/\">Continue reading <span class=\"screen-reader-text\">Xpaja<\/span><\/a><\/p>\n","protected":false},"author":2,"featured_media":0,"parent":0,"menu_order":0,"comment_status":"closed","ping_status":"closed","template":"inner-pages.php","meta":{"footnotes":""},"class_list":["post-4298","page","type-page","status-publish","hentry","entry"],"yoast_head":"<!-- This site is optimized with the Yoast SEO plugin v27.4 - https:\/\/yoast.com\/product\/yoast-seo-wordpress\/ -->\n<title>Xpaja - Listing<\/title>\n<meta name=\"robots\" content=\"index, follow, max-snippet:-1, max-image-preview:large, max-video-preview:-1\" \/>\n<link rel=\"canonical\" href=\"https:\/\/adultseohub.com\/listing\/xpaja\/\" \/>\n<meta property=\"og:locale\" content=\"en_US\" \/>\n<meta property=\"og:type\" content=\"article\" \/>\n<meta property=\"og:title\" content=\"Xpaja - Listing\" \/>\n<meta property=\"og:description\" content=\"Colocamos nuevos v\u00eddeos porno cada d\u00eda, todo el porno Amateur y HD est\u00e1 aqu\u00ed, Tenemos una gran colecci\u00f3n de Categor\u00edas Porno Casero y V\u00eddeos Exclusivos totalmente gratis que puedes descargar o ver en l\u00ednea sin l\u00edmite. Xpaja es el sitio de v\u00eddeos porno amateur con actualizaci\u00f3n constante de contenido XXX al d\u00eda. Ofrecemos videos porno,&hellip; Continue reading Xpaja\" \/>\n<meta property=\"og:url\" content=\"https:\/\/adultseohub.com\/listing\/xpaja\/\" \/>\n<meta property=\"og:site_name\" content=\"Listing\" \/>\n<meta name=\"twitter:card\" content=\"summary_large_image\" \/>\n<script type=\"application\/ld+json\" class=\"yoast-schema-graph\">{\"@context\":\"https:\\\/\\\/schema.org\",\"@graph\":[{\"@type\":\"WebPage\",\"@id\":\"https:\\\/\\\/adultseohub.com\\\/listing\\\/xpaja\\\/\",\"url\":\"https:\\\/\\\/adultseohub.com\\\/listing\\\/xpaja\\\/\",\"name\":\"Xpaja - Listing\",\"isPartOf\":{\"@id\":\"https:\\\/\\\/adultseohub.com\\\/listing\\\/#website\"},\"datePublished\":\"2026-04-17T06:03:35+00:00\",\"breadcrumb\":{\"@id\":\"https:\\\/\\\/adultseohub.com\\\/listing\\\/xpaja\\\/#breadcrumb\"},\"inLanguage\":\"en-US\",\"potentialAction\":[{\"@type\":\"ReadAction\",\"target\":[\"https:\\\/\\\/adultseohub.com\\\/listing\\\/xpaja\\\/\"]}]},{\"@type\":\"BreadcrumbList\",\"@id\":\"https:\\\/\\\/adultseohub.com\\\/listing\\\/xpaja\\\/#breadcrumb\",\"itemListElement\":[{\"@type\":\"ListItem\",\"position\":1,\"name\":\"Home\",\"item\":\"https:\\\/\\\/adultseohub.com\\\/listing\\\/\"},{\"@type\":\"ListItem\",\"position\":2,\"name\":\"Xpaja\"}]},{\"@type\":\"WebSite\",\"@id\":\"https:\\\/\\\/adultseohub.com\\\/listing\\\/#website\",\"url\":\"https:\\\/\\\/adultseohub.com\\\/listing\\\/\",\"name\":\"Listing\",\"description\":\"\",\"potentialAction\":[{\"@type\":\"SearchAction\",\"target\":{\"@type\":\"EntryPoint\",\"urlTemplate\":\"https:\\\/\\\/adultseohub.com\\\/listing\\\/?s={search_term_string}\"},\"query-input\":{\"@type\":\"PropertyValueSpecification\",\"valueRequired\":true,\"valueName\":\"search_term_string\"}}],\"inLanguage\":\"en-US\"}]}<\/script>\n<!-- \/ Yoast SEO plugin. -->","yoast_head_json":{"title":"Xpaja - Listing","robots":{"index":"index","follow":"follow","max-snippet":"max-snippet:-1","max-image-preview":"max-image-preview:large","max-video-preview":"max-video-preview:-1"},"canonical":"https:\/\/adultseohub.com\/listing\/xpaja\/","og_locale":"en_US","og_type":"article","og_title":"Xpaja - Listing","og_description":"Colocamos nuevos v\u00eddeos porno cada d\u00eda, todo el porno Amateur y HD est\u00e1 aqu\u00ed, Tenemos una gran colecci\u00f3n de Categor\u00edas Porno Casero y V\u00eddeos Exclusivos totalmente gratis que puedes descargar o ver en l\u00ednea sin l\u00edmite. Xpaja es el sitio de v\u00eddeos porno amateur con actualizaci\u00f3n constante de contenido XXX al d\u00eda. Ofrecemos videos porno,&hellip; Continue reading Xpaja","og_url":"https:\/\/adultseohub.com\/listing\/xpaja\/","og_site_name":"Listing","twitter_card":"summary_large_image","schema":{"@context":"https:\/\/schema.org","@graph":[{"@type":"WebPage","@id":"https:\/\/adultseohub.com\/listing\/xpaja\/","url":"https:\/\/adultseohub.com\/listing\/xpaja\/","name":"Xpaja - Listing","isPartOf":{"@id":"https:\/\/adultseohub.com\/listing\/#website"},"datePublished":"2026-04-17T06:03:35+00:00","breadcrumb":{"@id":"https:\/\/adultseohub.com\/listing\/xpaja\/#breadcrumb"},"inLanguage":"en-US","potentialAction":[{"@type":"ReadAction","target":["https:\/\/adultseohub.com\/listing\/xpaja\/"]}]},{"@type":"BreadcrumbList","@id":"https:\/\/adultseohub.com\/listing\/xpaja\/#breadcrumb","itemListElement":[{"@type":"ListItem","position":1,"name":"Home","item":"https:\/\/adultseohub.com\/listing\/"},{"@type":"ListItem","position":2,"name":"Xpaja"}]},{"@type":"WebSite","@id":"https:\/\/adultseohub.com\/listing\/#website","url":"https:\/\/adultseohub.com\/listing\/","name":"Listing","description":"","potentialAction":[{"@type":"SearchAction","target":{"@type":"EntryPoint","urlTemplate":"https:\/\/adultseohub.com\/listing\/?s={search_term_string}"},"query-input":{"@type":"PropertyValueSpecification","valueRequired":true,"valueName":"search_term_string"}}],"inLanguage":"en-US"}]}},"_links":{"self":[{"href":"https:\/\/adultseohub.com\/listing\/wp-json\/wp\/v2\/pages\/4298","targetHints":{"allow":["GET"]}}],"collection":[{"href":"https:\/\/adultseohub.com\/listing\/wp-json\/wp\/v2\/pages"}],"about":[{"href":"https:\/\/adultseohub.com\/listing\/wp-json\/wp\/v2\/types\/page"}],"author":[{"embeddable":true,"href":"https:\/\/adultseohub.com\/listing\/wp-json\/wp\/v2\/users\/2"}],"replies":[{"embeddable":true,"href":"https:\/\/adultseohub.com\/listing\/wp-json\/wp\/v2\/comments?post=4298"}],"version-history":[{"count":0,"href":"https:\/\/adultseohub.com\/listing\/wp-json\/wp\/v2\/pages\/4298\/revisions"}],"wp:attachment":[{"href":"https:\/\/adultseohub.com\/listing\/wp-json\/wp\/v2\/media?parent=4298"}],"curies":[{"name":"wp","href":"https:\/\/api.w.org\/{rel}","templated":true}]}}